{"id":1733,"date":"2020-08-12T05:16:40","date_gmt":"2020-08-12T02:16:40","guid":{"rendered":"https:\/\/www.oimico.com\/urunlerimiz\/"},"modified":"2024-04-21T01:40:41","modified_gmt":"2024-04-20T22:40:41","slug":"products","status":"publish","type":"page","link":"https:\/\/www.oimico.com\/en\/products\/","title":{"rendered":"PRODUCTS"},"content":{"rendered":"\t\t<div data-elementor-type=\"wp-page\" data-elementor-id=\"1733\" class=\"elementor elementor-1733 elementor-58\" data-elementor-post-type=\"page\">\n\t\t\t\t<div class=\"elementor-element elementor-element-373cd9c e-flex e-con-boxed e-con e-parent\" data-id=\"373cd9c\" data-element_type=\"container\">\n\t\t\t\t\t<div class=\"e-con-inner\">\n\t\t\t\t<div class=\"elementor-element elementor-element-c754de5 tstk-align-left elementor-widget elementor-widget-tstk_service_element\" data-id=\"c754de5\" data-element_type=\"widget\" data-widget_type=\"tstk_service_element.default\">\n\t\t\t\t<div class=\"elementor-widget-container\">\n\t\t\t\t\t\r\n\t\t<div class=\"themestek-element themestek-element-service tstk-element-service-style-1 themestek-element-viewtype-row-column themestek-gap-30px tstk-infinite-scroll-no tstk-infinite-scroll-button-no\" data-cpt=\"service\" data-totalpagination=\"1\" data-style=\"1\" data-show=\"9\" data-columns=\"3\" data-loop=\"false\" data-autoplay=\"false\" data-center=\"false\" data-nav=\"false\" data-dots=\"false\" data-autoplayspeed=\"1000\" data-lasthalf=\"false\" data-margin=\"30px\"><div class=\"themestek-element-inner\"><div class=\"tstk-infinite-scroll-data\">{\"cpt\":\"service\",\"style\":\"1\",\"columns\":\"3\",\"show\":9,\"order\":\"DESC\",\"orderby\":\"DESC\"}<\/div>\r\n\t\t\t\r\n\t\t\t\t\t\t\t<div class=\"tstk-ele-header-area\">\r\n\t\t\t\t\t\t<div class=\"tstk-heading-subheading left-align \"><\/div>\t\t\t\t<\/div>\r\n\r\n\t\t\t\r\n\t\t\t\r\n\t\t\t<div class=\"tstk-element-posts-wrapper row multi-columns-row\">\r\n\r\n\t\t\t<article class=\"tstk-ele tstk-ele-service tstk-service-style-1 col-md-4   \">\t<div class=\"themestek-post-item\">\r\n\t\t<div class=\"tstk-service-img-wrapper\">\r\n\t\t\t<div class=\"tstk-featured-wrapper\"><a href=\"https:\/\/www.oimico.com\/en\/oimico-v1000\/\"><img fetchpriority=\"high\" decoding=\"async\" width=\"770\" height=\"550\" src=\"https:\/\/www.oimico.com\/wp-content\/uploads\/2023\/12\/OIMICO-V1000-Web-770x550.jpg\" class=\"attachment-tstk-img-770x550 size-tstk-img-770x550 wp-post-image\" alt=\"\" \/><\/a><\/div>\t\t<\/div>\t\r\n\t\t<div class=\"themestek-box-content\">\r\n\t\t\t<div class=\"themestek-box-content-inner\">\r\n\t\t\t\t<div class=\"d-flex justify-content-between align-items-center\">\r\n\t\t\t\t\t<h3 class=\"tstk-service-title\"><a href=\"https:\/\/www.oimico.com\/en\/oimico-v1000\/\">OIMICO 1000<\/a><\/h3>\r\n\t\t\t\t\t<div class=\"tstk-service-icon-wrapper\">\r\n\t\t\t\t\t\t<i class=\"\"><\/i>\t\t\t\t\t<\/div>\r\n\t\t\t\t<\/div>\r\n\t\t\t\t\t\t\t\t<div class=\"tstk-service-content\"><p>OIMICO 1000 cassette, three-stage air cleaning system provides up to 98% collection efficiency using mesh, labyrinth and finally electronic filter.<\/p>\n<\/div>\r\n\t\t\t\t\t\t\t\t<div class=\"tstk-service-btn\"> \r\n\t\t\t\t<a class=\"btn-arrow\" href=\"https:\/\/www.oimico.com\/en\/oimico-v1000\/\"><span>View More<\/span><\/a>\r\n\t\t\t\t<\/div>\r\n\t\t\t<\/div>\r\n\t\t<\/div>\r\n\t<\/div><\/article><article class=\"tstk-ele tstk-ele-service tstk-service-style-1 col-md-4   \">\t<div class=\"themestek-post-item\">\r\n\t\t<div class=\"tstk-service-img-wrapper\">\r\n\t\t\t<div class=\"tstk-featured-wrapper\"><a href=\"https:\/\/www.oimico.com\/en\/oimico-v1500\/\"><img decoding=\"async\" width=\"770\" height=\"550\" src=\"https:\/\/www.oimico.com\/wp-content\/uploads\/2023\/12\/mini_OIMICO-V1500-Web-770x550.jpg\" class=\"attachment-tstk-img-770x550 size-tstk-img-770x550 wp-post-image\" alt=\"\" \/><\/a><\/div>\t\t<\/div>\t\r\n\t\t<div class=\"themestek-box-content\">\r\n\t\t\t<div class=\"themestek-box-content-inner\">\r\n\t\t\t\t<div class=\"d-flex justify-content-between align-items-center\">\r\n\t\t\t\t\t<h3 class=\"tstk-service-title\"><a href=\"https:\/\/www.oimico.com\/en\/oimico-v1500\/\">OIMICO 1500<\/a><\/h3>\r\n\t\t\t\t\t<div class=\"tstk-service-icon-wrapper\">\r\n\t\t\t\t\t\t<i class=\"\"><\/i>\t\t\t\t\t<\/div>\r\n\t\t\t\t<\/div>\r\n\t\t\t\t\t\t\t\t<div class=\"tstk-service-content\"><p>OIMICO 1500 cassette four-end air cleaning system provides up to 98% collection efficiency using mesh, labyrinth and finally two electronic filters.<\/p>\n<\/div>\r\n\t\t\t\t\t\t\t\t<div class=\"tstk-service-btn\"> \r\n\t\t\t\t<a class=\"btn-arrow\" href=\"https:\/\/www.oimico.com\/en\/oimico-v1500\/\"><span>View More<\/span><\/a>\r\n\t\t\t\t<\/div>\r\n\t\t\t<\/div>\r\n\t\t<\/div>\r\n\t<\/div><\/article><article class=\"tstk-ele tstk-ele-service tstk-service-style-1 col-md-4   \">\t<div class=\"themestek-post-item\">\r\n\t\t<div class=\"tstk-service-img-wrapper\">\r\n\t\t\t<div class=\"tstk-featured-wrapper\"><a href=\"https:\/\/www.oimico.com\/en\/oimico-v1500-p\/\"><img decoding=\"async\" width=\"770\" height=\"550\" src=\"https:\/\/www.oimico.com\/wp-content\/uploads\/2023\/12\/mini_OIMICO-V1500-Web-770x550.jpg\" class=\"attachment-tstk-img-770x550 size-tstk-img-770x550 wp-post-image\" alt=\"\" \/><\/a><\/div>\t\t<\/div>\t\r\n\t\t<div class=\"themestek-box-content\">\r\n\t\t\t<div class=\"themestek-box-content-inner\">\r\n\t\t\t\t<div class=\"d-flex justify-content-between align-items-center\">\r\n\t\t\t\t\t<h3 class=\"tstk-service-title\"><a href=\"https:\/\/www.oimico.com\/en\/oimico-v1500-p\/\">OIMICO 1500 P<\/a><\/h3>\r\n\t\t\t\t\t<div class=\"tstk-service-icon-wrapper\">\r\n\t\t\t\t\t\t<i class=\"\"><\/i>\t\t\t\t\t<\/div>\r\n\t\t\t\t<\/div>\r\n\t\t\t\t\t\t\t\t<div class=\"tstk-service-content\"><p>OIMICO 1500 P cassette 5-stage air cleaning system provides up to 99% collection efficiency by using disposable mesh, labyrinth and finally three electronic filters.<\/p>\n<\/div>\r\n\t\t\t\t\t\t\t\t<div class=\"tstk-service-btn\"> \r\n\t\t\t\t<a class=\"btn-arrow\" href=\"https:\/\/www.oimico.com\/en\/oimico-v1500-p\/\"><span>View More<\/span><\/a>\r\n\t\t\t\t<\/div>\r\n\t\t\t<\/div>\r\n\t\t<\/div>\r\n\t<\/div><\/article>\r\n\t\t\t<\/div> <!-- .tstk-element-posts-wrapper -->\r\n\r\n\t\t\t\r\n\t\t\t\r\n\t\t\t\r\n\t\t\r\n\t\t\r\n\t\t<\/div><!-- .themestek-element-inner -->   <\/div><!-- .themestek-element -->  \r\n\t    \t\t\t\t<\/div>\n\t\t\t\t<\/div>\n\t\t\t\t\t<\/div>\n\t\t\t\t<\/div>\n\t\t\t\t<\/div>\n\t\t","protected":false},"excerpt":{"rendered":"<p>{&#8220;cpt&#8221;:&#8221;service&#8221;,&#8221;style&#8221;:&#8221;1&#8243;,&#8221;columns&#8221;:&#8221;3&#8243;,&#8221;show&#8221;:9,&#8221;order&#8221;:&#8221;DESC&#8221;,&#8221;orderby&#8221;:&#8221;DESC&#8221;} \u00dcr\u00fcn Ad\u0131 Buraya 1 We serve our clients top level of trusted advisor for their business &amp; marketing progress. Detayl\u0131 Bilgi&#8230; \u00dcr\u00fcn Ad\u0131 Buraya 2 We serve our clients top level of trusted advisor for their business &amp; marketing progress. Detayl\u0131 Bilgi&#8230; \u00dcr\u00fcn Ad\u0131 Buraya 3 We serve our clients top level of trusted advisor for their business &amp; marketing progress. Detayl\u0131 Bilgi&#8230;<\/p>\n","protected":false},"author":1,"featured_media":0,"parent":0,"menu_order":8,"comment_status":"closed","ping_status":"closed","template":"","meta":{"_acf_changed":false,"_joinchat":[],"footnotes":""},"class_list":["post-1733","page","type-page","status-publish","hentry"],"acf":[],"_links":{"self":[{"href":"https:\/\/www.oimico.com\/en\/wp-json\/wp\/v2\/pages\/1733","targetHints":{"allow":["GET"]}}],"collection":[{"href":"https:\/\/www.oimico.com\/en\/wp-json\/wp\/v2\/pages"}],"about":[{"href":"https:\/\/www.oimico.com\/en\/wp-json\/wp\/v2\/types\/page"}],"author":[{"embeddable":true,"href":"https:\/\/www.oimico.com\/en\/wp-json\/wp\/v2\/users\/1"}],"replies":[{"embeddable":true,"href":"https:\/\/www.oimico.com\/en\/wp-json\/wp\/v2\/comments?post=1733"}],"version-history":[{"count":5,"href":"https:\/\/www.oimico.com\/en\/wp-json\/wp\/v2\/pages\/1733\/revisions"}],"predecessor-version":[{"id":1778,"href":"https:\/\/www.oimico.com\/en\/wp-json\/wp\/v2\/pages\/1733\/revisions\/1778"}],"wp:attachment":[{"href":"https:\/\/www.oimico.com\/en\/wp-json\/wp\/v2\/media?parent=1733"}],"curies":[{"name":"wp","href":"https:\/\/api.w.org\/{rel}","templated":true}]}}